{"id":730,"date":"2024-04-06T09:49:46","date_gmt":"2024-04-06T12:49:46","guid":{"rendered":"https:\/\/casamouraacabamentos.com.br\/?post_type=product&#038;p=730"},"modified":"2024-12-27T09:34:34","modified_gmt":"2024-12-27T12:34:34","slug":"grelha-inox-15x15-minox","status":"publish","type":"product","link":"https:\/\/casamouraacabamentos.com.br\/index.php\/produto\/grelha-inox-15x15-minox\/","title":{"rendered":"GRELHA INOX 15X15 MINOX"},"content":{"rendered":"<p>Ralo\u00a0 Sem Caixilho tamanho 15 x 15 diam-100 % a\u00e7o inox-304<\/p>\n<p>medidas dadas em Cent\u00edmetros<\/p>\n<p>N\u00e3o usar produtos abrasivos<\/p>\n<p><strong>Consultar condi\u00e7\u00f5es valor parcelado.<\/strong><\/p>\n","protected":false},"excerpt":{"rendered":"<p>Ralo\u00a0 Sem Caixilho tamanho 15 x 15 diam-100 % a\u00e7o inox-304 medidas dadas em Cent\u00edmetros N\u00e3o usar produtos abrasivos Consultar&hellip;<\/p>\n","protected":false},"featured_media":732,"template":"","meta":[],"product_cat":[39],"product_tag":[],"_links":{"self":[{"href":"https:\/\/casamouraacabamentos.com.br\/index.php\/wp-json\/wp\/v2\/product\/730"}],"collection":[{"href":"https:\/\/casamouraacabamentos.com.br\/index.php\/wp-json\/wp\/v2\/product"}],"about":[{"href":"https:\/\/casamouraacabamentos.com.br\/index.php\/wp-json\/wp\/v2\/types\/product"}],"wp:featuredmedia":[{"embeddable":true,"href":"https:\/\/casamouraacabamentos.com.br\/index.php\/wp-json\/wp\/v2\/media\/732"}],"wp:attachment":[{"href":"https:\/\/casamouraacabamentos.com.br\/index.php\/wp-json\/wp\/v2\/media?parent=730"}],"wp:term":[{"taxonomy":"product_cat","embeddable":true,"href":"https:\/\/casamouraacabamentos.com.br\/index.php\/wp-json\/wp\/v2\/product_cat?post=730"},{"taxonomy":"product_tag","embeddable":true,"href":"https:\/\/casamouraacabamentos.com.br\/index.php\/wp-json\/wp\/v2\/product_tag?post=730"}],"curies":[{"name":"wp","href":"https:\/\/api.w.org\/{rel}","templated":true}]}}