{"id":768,"date":"2024-04-08T13:26:34","date_gmt":"2024-04-08T16:26:34","guid":{"rendered":"https:\/\/casamouraacabamentos.com.br\/?post_type=product&#038;p=768"},"modified":"2024-12-27T09:29:41","modified_gmt":"2024-12-27T12:29:41","slug":"torneira-cozinha-mesa-bica-movel-branca-maruja-viqua","status":"publish","type":"product","link":"https:\/\/casamouraacabamentos.com.br\/index.php\/produto\/torneira-cozinha-mesa-bica-movel-branca-maruja-viqua\/","title":{"rendered":"TORNEIRA COZINHA MESA BICA MOVEL BRANCA MARUJA VIQUA"},"content":{"rendered":"<p>&nbsp;<\/p>\n<div class=\"d-none d-lg-block\">\n<p class=\"h5 product-title\">Torneira de mesa para cozinha Maruj\u00e1<\/p>\n<\/div>\n<p>A linha Maruj\u00e1 possui design pr\u00e1tico e atemporal, sendo perfeita para instalar em todos os ambientes. Com volante em cruzeta, garante firmeza e precis\u00e3o ao abrir e fechar o produto. Produzida em ABS, um pl\u00e1stico de engenharia que possui excelentes propriedades, como o alto brilho, durabilidade e resist\u00eancia a impactos.<\/p>\n<p>&nbsp;<\/p>\n<p><strong>Consultar condi\u00e7\u00f5es valor parcelado.<\/strong><\/p>\n<p>&nbsp;<\/p>\n<h6>IMAGENS ILUSTRATIVAS<\/h6>\n<p>&nbsp;<\/p>\n","protected":false},"excerpt":{"rendered":"<p>&nbsp; Torneira de mesa para cozinha Maruj\u00e1 A linha Maruj\u00e1 possui design pr\u00e1tico e atemporal, sendo perfeita para instalar em&hellip;<\/p>\n","protected":false},"featured_media":769,"template":"","meta":[],"product_cat":[36],"product_tag":[],"_links":{"self":[{"href":"https:\/\/casamouraacabamentos.com.br\/index.php\/wp-json\/wp\/v2\/product\/768"}],"collection":[{"href":"https:\/\/casamouraacabamentos.com.br\/index.php\/wp-json\/wp\/v2\/product"}],"about":[{"href":"https:\/\/casamouraacabamentos.com.br\/index.php\/wp-json\/wp\/v2\/types\/product"}],"wp:featuredmedia":[{"embeddable":true,"href":"https:\/\/casamouraacabamentos.com.br\/index.php\/wp-json\/wp\/v2\/media\/769"}],"wp:attachment":[{"href":"https:\/\/casamouraacabamentos.com.br\/index.php\/wp-json\/wp\/v2\/media?parent=768"}],"wp:term":[{"taxonomy":"product_cat","embeddable":true,"href":"https:\/\/casamouraacabamentos.com.br\/index.php\/wp-json\/wp\/v2\/product_cat?post=768"},{"taxonomy":"product_tag","embeddable":true,"href":"https:\/\/casamouraacabamentos.com.br\/index.php\/wp-json\/wp\/v2\/product_tag?post=768"}],"curies":[{"name":"wp","href":"https:\/\/api.w.org\/{rel}","templated":true}]}}