{"id":785,"date":"2024-04-11T15:20:28","date_gmt":"2024-04-11T18:20:28","guid":{"rendered":"https:\/\/casamouraacabamentos.com.br\/?post_type=product&#038;p=785"},"modified":"2024-12-27T09:29:16","modified_gmt":"2024-12-27T12:29:16","slug":"valvula-esfera-monobloco-1-mga","status":"publish","type":"product","link":"https:\/\/casamouraacabamentos.com.br\/index.php\/produto\/valvula-esfera-monobloco-1-mga\/","title":{"rendered":"VALVULA ESFERA MONOBLOCO 1&#8243; MGA"},"content":{"rendered":"<h3><\/h3>\n<p>&nbsp;<\/p>\n<p>V\u00e1lvula de bloqueio de fluxo dispon\u00edvel em passagem reduzida, indicada para uso em redes de \u00e1gua e ar .<\/p>\n<p>Utilizadas \u00e0 temperatura ambiente.<\/p>\n<p>Haste \u00e0 prova de expuls\u00e3o.<\/p>\n<p>Temperatura m\u00e1xima de trabalho 90\u00baC.<\/p>\n<p>N\u00e3o devem ser utilizadas no fim da linha.<\/p>\n<p><strong>ATEN\u00c7\u00c3O!<\/strong><\/p>\n<p>Na instala\u00e7\u00e3o da v\u00e1lvula o \u00fanico meio de vedante de rosca permitido \u00e9 a fita veda rosca em PTFE, e deve ser ser realizada com cuidado pois torques de aperto excessivo podem danificar a v\u00e1lvula.<\/p>\n<p>&nbsp;<\/p>\n<p><strong>Consultar condi\u00e7\u00f5es valor parcelado.<\/strong><\/p>\n","protected":false},"excerpt":{"rendered":"<p>&nbsp; V\u00e1lvula de bloqueio de fluxo dispon\u00edvel em passagem reduzida, indicada para uso em redes de \u00e1gua e ar .&hellip;<\/p>\n","protected":false},"featured_media":786,"template":"","meta":[],"product_cat":[20],"product_tag":[],"_links":{"self":[{"href":"https:\/\/casamouraacabamentos.com.br\/index.php\/wp-json\/wp\/v2\/product\/785"}],"collection":[{"href":"https:\/\/casamouraacabamentos.com.br\/index.php\/wp-json\/wp\/v2\/product"}],"about":[{"href":"https:\/\/casamouraacabamentos.com.br\/index.php\/wp-json\/wp\/v2\/types\/product"}],"wp:featuredmedia":[{"embeddable":true,"href":"https:\/\/casamouraacabamentos.com.br\/index.php\/wp-json\/wp\/v2\/media\/786"}],"wp:attachment":[{"href":"https:\/\/casamouraacabamentos.com.br\/index.php\/wp-json\/wp\/v2\/media?parent=785"}],"wp:term":[{"taxonomy":"product_cat","embeddable":true,"href":"https:\/\/casamouraacabamentos.com.br\/index.php\/wp-json\/wp\/v2\/product_cat?post=785"},{"taxonomy":"product_tag","embeddable":true,"href":"https:\/\/casamouraacabamentos.com.br\/index.php\/wp-json\/wp\/v2\/product_tag?post=785"}],"curies":[{"name":"wp","href":"https:\/\/api.w.org\/{rel}","templated":true}]}}