{"id":801,"date":"2024-04-11T15:40:41","date_gmt":"2024-04-11T18:40:41","guid":{"rendered":"https:\/\/casamouraacabamentos.com.br\/?post_type=product&#038;p=801"},"modified":"2024-12-27T09:27:21","modified_gmt":"2024-12-27T12:27:21","slug":"valvula-esfera-monobloco-3-8-mga","status":"publish","type":"product","link":"https:\/\/casamouraacabamentos.com.br\/index.php\/produto\/valvula-esfera-monobloco-3-8-mga\/","title":{"rendered":"VALVULA ESFERA MONOBLOCO 3\/8&#8243; MGA"},"content":{"rendered":"<p>V\u00e1lvula de bloqueio de fluxo dispon\u00edvel em passagem reduzida, indicada para uso em redes de \u00e1gua e ar .<\/p>\n<p>Utilizadas \u00e0 temperatura ambiente.<\/p>\n<p>Haste \u00e0 prova de expuls\u00e3o.<\/p>\n<p>Temperatura m\u00e1xima de trabalho 90\u00baC.<\/p>\n<p>N\u00e3o devem ser utilizadas no fim da linha.<\/p>\n<p><strong>ATEN\u00c7\u00c3O!<\/strong><\/p>\n<p>Na instala\u00e7\u00e3o da v\u00e1lvula o \u00fanico meio de vedante de rosca permitido \u00e9 a fita veda rosca em PTFE, e deve ser ser realizada com cuidado pois torques de aperto excessivo podem danificar a v\u00e1lvula.<\/p>\n<p>&nbsp;<\/p>\n<p><strong>Consultar condi\u00e7\u00f5es valor parcelado.<\/strong><\/p>\n<p>&nbsp;<\/p>\n<h6>IMAGENS ILUSTRATIVAS<\/h6>\n","protected":false},"excerpt":{"rendered":"<p>V\u00e1lvula de bloqueio de fluxo dispon\u00edvel em passagem reduzida, indicada para uso em redes de \u00e1gua e ar . Utilizadas&hellip;<\/p>\n","protected":false},"featured_media":786,"template":"","meta":[],"product_cat":[20],"product_tag":[],"_links":{"self":[{"href":"https:\/\/casamouraacabamentos.com.br\/index.php\/wp-json\/wp\/v2\/product\/801"}],"collection":[{"href":"https:\/\/casamouraacabamentos.com.br\/index.php\/wp-json\/wp\/v2\/product"}],"about":[{"href":"https:\/\/casamouraacabamentos.com.br\/index.php\/wp-json\/wp\/v2\/types\/product"}],"wp:featuredmedia":[{"embeddable":true,"href":"https:\/\/casamouraacabamentos.com.br\/index.php\/wp-json\/wp\/v2\/media\/786"}],"wp:attachment":[{"href":"https:\/\/casamouraacabamentos.com.br\/index.php\/wp-json\/wp\/v2\/media?parent=801"}],"wp:term":[{"taxonomy":"product_cat","embeddable":true,"href":"https:\/\/casamouraacabamentos.com.br\/index.php\/wp-json\/wp\/v2\/product_cat?post=801"},{"taxonomy":"product_tag","embeddable":true,"href":"https:\/\/casamouraacabamentos.com.br\/index.php\/wp-json\/wp\/v2\/product_tag?post=801"}],"curies":[{"name":"wp","href":"https:\/\/api.w.org\/{rel}","templated":true}]}}