{"id":807,"date":"2024-04-11T17:01:50","date_gmt":"2024-04-11T20:01:50","guid":{"rendered":"https:\/\/casamouraacabamentos.com.br\/?post_type=product&#038;p=807"},"modified":"2024-12-27T09:26:49","modified_gmt":"2024-12-27T12:26:49","slug":"valvula-esfera-tripartida-p-plena-2-mga","status":"publish","type":"product","link":"https:\/\/casamouraacabamentos.com.br\/index.php\/produto\/valvula-esfera-tripartida-p-plena-2-mga\/","title":{"rendered":"VALVULA ESFERA TRIPARTIDA P PLENA 2&#8243; MGA"},"content":{"rendered":"<p>V\u00e1lvula de bloqueio de fluxo Classe 300 indicada para utiliza\u00e7\u00e3o em diversos l\u00edquidos, gases e vapores em ampla faixa de temperatura e press\u00e3o conforme norma ASME B16.34.<\/p>\n<p>Constru\u00e7\u00e3o tripartida (um corpo e duas tampas), facilitando a manuten\u00e7\u00e3o sem a necessidade de desconectar as extremidades da linha.<\/p>\n<p>Haste \u00e0 prova de expuls\u00e3o.<\/p>\n<p><strong>Consultar condi\u00e7\u00f5es valor parcelado.<\/strong><\/p>\n<section class=\"related products\"><\/section>\n<h6>IMAGENS ILUSTRATIVAS<\/h6>\n","protected":false},"excerpt":{"rendered":"<p>V\u00e1lvula de bloqueio de fluxo Classe 300 indicada para utiliza\u00e7\u00e3o em diversos l\u00edquidos, gases e vapores em ampla faixa de&hellip;<\/p>\n","protected":false},"featured_media":804,"template":"","meta":[],"product_cat":[20],"product_tag":[],"_links":{"self":[{"href":"https:\/\/casamouraacabamentos.com.br\/index.php\/wp-json\/wp\/v2\/product\/807"}],"collection":[{"href":"https:\/\/casamouraacabamentos.com.br\/index.php\/wp-json\/wp\/v2\/product"}],"about":[{"href":"https:\/\/casamouraacabamentos.com.br\/index.php\/wp-json\/wp\/v2\/types\/product"}],"wp:featuredmedia":[{"embeddable":true,"href":"https:\/\/casamouraacabamentos.com.br\/index.php\/wp-json\/wp\/v2\/media\/804"}],"wp:attachment":[{"href":"https:\/\/casamouraacabamentos.com.br\/index.php\/wp-json\/wp\/v2\/media?parent=807"}],"wp:term":[{"taxonomy":"product_cat","embeddable":true,"href":"https:\/\/casamouraacabamentos.com.br\/index.php\/wp-json\/wp\/v2\/product_cat?post=807"},{"taxonomy":"product_tag","embeddable":true,"href":"https:\/\/casamouraacabamentos.com.br\/index.php\/wp-json\/wp\/v2\/product_tag?post=807"}],"curies":[{"name":"wp","href":"https:\/\/api.w.org\/{rel}","templated":true}]}}