{"id":829,"date":"2024-04-12T10:37:50","date_gmt":"2024-04-12T13:37:50","guid":{"rendered":"https:\/\/casamouraacabamentos.com.br\/?post_type=product&#038;p=829"},"modified":"2024-12-27T09:25:47","modified_gmt":"2024-12-27T12:25:47","slug":"enxada-c-cabo-77218-754-25l-tramontina","status":"publish","type":"product","link":"https:\/\/casamouraacabamentos.com.br\/index.php\/produto\/enxada-c-cabo-77218-754-25l-tramontina\/","title":{"rendered":"ENXADA C\/ CABO 77218\/754 2,5L TRAMONTINA"},"content":{"rendered":"<p>Para trabalhos mais confort\u00e1veis na jardinagem e agricultura, a enxada estreita 2.5 Tramontina em a\u00e7o com cabo de madeira 145 cm \u00e9 a ferramenta certa. Produzida em a\u00e7o temperado, ela garante mais resist\u00eancia e durabilidade no fio. A l\u00e2mina recebe pintura eletrost\u00e1tica a p\u00f3, que protege contra oxida\u00e7\u00e3o. Apresenta cabo de 145 cent\u00edmetros. Produzido em madeira de origem renov\u00e1vel, ele recebe uma camada envernizada e encabamento com bucha pl\u00e1stica. Essa caracter\u00edstica garante uma fixa\u00e7\u00e3o muito mais resistente e segura, absorvendo o impacto e evitando que o cabo se solte da enxada.<\/p>\n<div class=\"description__measurementsMobile\">\n<div class=\"description__contentMedida--left\">\n<h2>Altura<\/h2>\n<\/div>\n<p><span class=\"description__measureValue\">24,10cm<\/span><\/p>\n<\/div>\n<div class=\"description__measurementsMobile\">\n<div class=\"description__contentMedida--left\">\n<p>&nbsp;<\/p>\n<h2>Largura<\/h2>\n<\/div>\n<p><span class=\"description__measureValue\">23,50cm<\/span><\/p>\n<\/div>\n<div class=\"description__measurementsMobile\">\n<div class=\"description__contentMedida--left\">\n<p>&nbsp;<\/p>\n<h2>Comprimento<\/h2>\n<\/div>\n<p><span class=\"description__measureValue\">145,40cm<\/span><\/p>\n<\/div>\n<div class=\"description__measurementsMobile\">\n<div class=\"description__contentMedida--left\">\n<p>&nbsp;<\/p>\n<h2>Peso<\/h2>\n<\/div>\n<p><span class=\"description__measureValue\">1,68Kg<\/span><\/p>\n<\/div>\n<div><\/div>\n<div>\n<p><strong>Consultar condi\u00e7\u00f5es valor parcelado.<\/strong><\/p>\n<section class=\"related products\"><\/section>\n<h6>IMAGENS ILUSTRATIVAS<\/h6>\n<\/div>\n","protected":false},"excerpt":{"rendered":"<p>Para trabalhos mais confort\u00e1veis na jardinagem e agricultura, a enxada estreita 2.5 Tramontina em a\u00e7o com cabo de madeira 145&hellip;<\/p>\n","protected":false},"featured_media":830,"template":"","meta":[],"product_cat":[25],"product_tag":[],"_links":{"self":[{"href":"https:\/\/casamouraacabamentos.com.br\/index.php\/wp-json\/wp\/v2\/product\/829"}],"collection":[{"href":"https:\/\/casamouraacabamentos.com.br\/index.php\/wp-json\/wp\/v2\/product"}],"about":[{"href":"https:\/\/casamouraacabamentos.com.br\/index.php\/wp-json\/wp\/v2\/types\/product"}],"wp:featuredmedia":[{"embeddable":true,"href":"https:\/\/casamouraacabamentos.com.br\/index.php\/wp-json\/wp\/v2\/media\/830"}],"wp:attachment":[{"href":"https:\/\/casamouraacabamentos.com.br\/index.php\/wp-json\/wp\/v2\/media?parent=829"}],"wp:term":[{"taxonomy":"product_cat","embeddable":true,"href":"https:\/\/casamouraacabamentos.com.br\/index.php\/wp-json\/wp\/v2\/product_cat?post=829"},{"taxonomy":"product_tag","embeddable":true,"href":"https:\/\/casamouraacabamentos.com.br\/index.php\/wp-json\/wp\/v2\/product_tag?post=829"}],"curies":[{"name":"wp","href":"https:\/\/api.w.org\/{rel}","templated":true}]}}