{"id":833,"date":"2024-04-12T10:58:57","date_gmt":"2024-04-12T13:58:57","guid":{"rendered":"https:\/\/casamouraacabamentos.com.br\/?post_type=product&#038;p=833"},"modified":"2024-12-27T09:25:21","modified_gmt":"2024-12-27T12:25:21","slug":"tanque-encaixe-inox-50x40x23-acetinado-tramontina","status":"publish","type":"product","link":"https:\/\/casamouraacabamentos.com.br\/index.php\/produto\/tanque-encaixe-inox-50x40x23-acetinado-tramontina\/","title":{"rendered":"TANQUE ENCAIXE INOX 50X40X23 ACETINADO TRAMONTINA"},"content":{"rendered":"<p>Tanque de Encaixe Tramontina Hera 34 L em A\u00e7o Inox Acetinado 50&#215;40 cm.<br \/>\nO Tanque de Encaixe Tramontina Hera 34 L em A\u00e7o Inox Acetinado 50&#215;40 cm \u00e9 essencial para a hora de lavar, enxaguar e deixar roupas e sapatos de molho.<br \/>\nVoc\u00ea pode escolher o modelo de tanque ideal para a sua casa de acordo com a sua necessidade e o espa\u00e7o que tiver dispon\u00edvel. O Tanque de Encaixe Tramontina em A\u00e7o Inox Acetinado 50&#215;40 cm \u00e9 produzido em a\u00e7o inox AISI 304, o que torna o produto mais higi\u00eanico e dur\u00e1vel. Fabricado no sistema monobloco, ou seja, sem solda, o tanque tamb\u00e9m apresenta borda de sobrepor e esfregador inclinado, com frisos arredondados, que auxiliam na lavagem de roupas. A pe\u00e7a acompanha v\u00e1lvula de alta qualidade, possui excelente veda\u00e7\u00e3o e \u00e9 de f\u00e1cil montagem. Tramontina e voc\u00ea aliando beleza e praticidade na sua casa!<br \/>\nProduto comercializado no Brasil e exporta\u00e7\u00e3o.<br \/>\nA\u00e7o Inox AISI 304 com 0,8 mm de espessura e acabamento acetinado.<br \/>\nAcompanha v\u00e1lvula de \u00d8 3 1\/2&#8243;.<br \/>\nProfundidade da cuba 225 mm.<br \/>\nCapacidade 34L.<\/p>\n<p>ALTURA<br \/>\n22,5 cm<br \/>\nLARGURA<br \/>\n40 cm<br \/>\nCOMPRIMENTO<br \/>\n50 cm<br \/>\nPESO<br \/>\n2,72 kg<\/p>\n<p><strong>Consultar condi\u00e7\u00f5es valor parcelado.<\/strong><\/p>\n<section class=\"related products\"><\/section>\n<h6>IMAGENS ILUSTRATIVAS<\/h6>\n","protected":false},"excerpt":{"rendered":"<p>Tanque de Encaixe Tramontina Hera 34 L em A\u00e7o Inox Acetinado 50&#215;40 cm. O Tanque de Encaixe Tramontina Hera 34&hellip;<\/p>\n","protected":false},"featured_media":834,"template":"","meta":[],"product_cat":[41],"product_tag":[],"_links":{"self":[{"href":"https:\/\/casamouraacabamentos.com.br\/index.php\/wp-json\/wp\/v2\/product\/833"}],"collection":[{"href":"https:\/\/casamouraacabamentos.com.br\/index.php\/wp-json\/wp\/v2\/product"}],"about":[{"href":"https:\/\/casamouraacabamentos.com.br\/index.php\/wp-json\/wp\/v2\/types\/product"}],"wp:featuredmedia":[{"embeddable":true,"href":"https:\/\/casamouraacabamentos.com.br\/index.php\/wp-json\/wp\/v2\/media\/834"}],"wp:attachment":[{"href":"https:\/\/casamouraacabamentos.com.br\/index.php\/wp-json\/wp\/v2\/media?parent=833"}],"wp:term":[{"taxonomy":"product_cat","embeddable":true,"href":"https:\/\/casamouraacabamentos.com.br\/index.php\/wp-json\/wp\/v2\/product_cat?post=833"},{"taxonomy":"product_tag","embeddable":true,"href":"https:\/\/casamouraacabamentos.com.br\/index.php\/wp-json\/wp\/v2\/product_tag?post=833"}],"curies":[{"name":"wp","href":"https:\/\/api.w.org\/{rel}","templated":true}]}}