{"id":839,"date":"2024-04-12T14:28:36","date_gmt":"2024-04-12T17:28:36","guid":{"rendered":"https:\/\/casamouraacabamentos.com.br\/?post_type=product&#038;p=839"},"modified":"2024-12-27T09:25:13","modified_gmt":"2024-12-27T12:25:13","slug":"selante-pu-40-branco-bisnaga-400g","status":"publish","type":"product","link":"https:\/\/casamouraacabamentos.com.br\/index.php\/produto\/selante-pu-40-branco-bisnaga-400g\/","title":{"rendered":"SELANTE PU 40 BRANCO  400G"},"content":{"rendered":"<p>Selante h\u00edbrido monocomponente indicado para veda\u00e7\u00e3o e colagem de pr\u00e9 moldados, pain\u00e9is met\u00e1licos, juntas em geral de<br \/>\nconcreto, a\u00e7o, alum\u00ednio, madeira, vidro, fibra de vidro e cer\u00e2mica. Ideal para calafeta\u00e7\u00e3o e veda\u00e7\u00e3o. Com propriedades de n\u00e3o<br \/>\nescorrimento, cura com a umidade atmosf\u00e9rica, transformando-se em uma borracha flex\u00edvel e resistente. Ap\u00f3s a cura, pode ser<br \/>\npintado. Excelente resist\u00eancia aos raios U.V e \u00e0s intemp\u00e9ries.<\/p>\n<p>&nbsp;<\/p>\n<p><strong>Consultar condi\u00e7\u00f5es valor parcelado.<\/strong><\/p>\n<h6>IMAGENS ILUSTRATIVAS<\/h6>\n","protected":false},"excerpt":{"rendered":"<p>Selante h\u00edbrido monocomponente indicado para veda\u00e7\u00e3o e colagem de pr\u00e9 moldados, pain\u00e9is met\u00e1licos, juntas em geral de concreto, a\u00e7o, alum\u00ednio,&hellip;<\/p>\n","protected":false},"featured_media":840,"template":"","meta":[],"product_cat":[42],"product_tag":[],"_links":{"self":[{"href":"https:\/\/casamouraacabamentos.com.br\/index.php\/wp-json\/wp\/v2\/product\/839"}],"collection":[{"href":"https:\/\/casamouraacabamentos.com.br\/index.php\/wp-json\/wp\/v2\/product"}],"about":[{"href":"https:\/\/casamouraacabamentos.com.br\/index.php\/wp-json\/wp\/v2\/types\/product"}],"wp:featuredmedia":[{"embeddable":true,"href":"https:\/\/casamouraacabamentos.com.br\/index.php\/wp-json\/wp\/v2\/media\/840"}],"wp:attachment":[{"href":"https:\/\/casamouraacabamentos.com.br\/index.php\/wp-json\/wp\/v2\/media?parent=839"}],"wp:term":[{"taxonomy":"product_cat","embeddable":true,"href":"https:\/\/casamouraacabamentos.com.br\/index.php\/wp-json\/wp\/v2\/product_cat?post=839"},{"taxonomy":"product_tag","embeddable":true,"href":"https:\/\/casamouraacabamentos.com.br\/index.php\/wp-json\/wp\/v2\/product_tag?post=839"}],"curies":[{"name":"wp","href":"https:\/\/api.w.org\/{rel}","templated":true}]}}