{"id":842,"date":"2024-04-12T14:49:12","date_gmt":"2024-04-12T17:49:12","guid":{"rendered":"https:\/\/casamouraacabamentos.com.br\/?post_type=product&#038;p=842"},"modified":"2024-12-27T09:24:42","modified_gmt":"2024-12-27T12:24:42","slug":"cola-silicone-280ml-branco","status":"publish","type":"product","link":"https:\/\/casamouraacabamentos.com.br\/index.php\/produto\/cola-silicone-280ml-branco\/","title":{"rendered":"COLA SILICONE 280ML BRANCO"},"content":{"rendered":"<p>Selante de alto desempenho para veda\u00e7\u00f5es perimetrais em geral com fungicida. \u00c9 indicado para veda\u00e7\u00e3o e colagem de alum\u00ednio, vidro, azulejo e lou\u00e7a sanit\u00e1ria. Metal n\u00e3o oxid\u00e1vel, concreto, alvenaria, madeira, pedras, cer\u00e2micas, vidro, PVC e pl\u00e1sticos em geral*. Possui excelente ader\u00eancia \u00e0 maioria das superf\u00edcies, sem necessidade de primer. F\u00e1cil de aplicar e limpar. Resistente \u00e0 forma\u00e7\u00e3o de fungos. Com propriedades de n\u00e3o escorrimento, transforma-se em uma borracha flex\u00edvel e resistente ap\u00f3s curado. Ap\u00f3s a cura, pode ser pintado. Excelente resist\u00eancia aos raios U.V e \u00e0s intemp\u00e9ries.<\/p>\n<p><strong>Consultar condi\u00e7\u00f5es valor parcelado.<\/strong><\/p>\n<section class=\"related products\"><\/section>\n<h6>IMAGENS ILUSTRATIVAS<\/h6>\n","protected":false},"excerpt":{"rendered":"<p>Selante de alto desempenho para veda\u00e7\u00f5es perimetrais em geral com fungicida. \u00c9 indicado para veda\u00e7\u00e3o e colagem de alum\u00ednio, vidro,&hellip;<\/p>\n","protected":false},"featured_media":1088,"template":"","meta":[],"product_cat":[42],"product_tag":[],"_links":{"self":[{"href":"https:\/\/casamouraacabamentos.com.br\/index.php\/wp-json\/wp\/v2\/product\/842"}],"collection":[{"href":"https:\/\/casamouraacabamentos.com.br\/index.php\/wp-json\/wp\/v2\/product"}],"about":[{"href":"https:\/\/casamouraacabamentos.com.br\/index.php\/wp-json\/wp\/v2\/types\/product"}],"wp:featuredmedia":[{"embeddable":true,"href":"https:\/\/casamouraacabamentos.com.br\/index.php\/wp-json\/wp\/v2\/media\/1088"}],"wp:attachment":[{"href":"https:\/\/casamouraacabamentos.com.br\/index.php\/wp-json\/wp\/v2\/media?parent=842"}],"wp:term":[{"taxonomy":"product_cat","embeddable":true,"href":"https:\/\/casamouraacabamentos.com.br\/index.php\/wp-json\/wp\/v2\/product_cat?post=842"},{"taxonomy":"product_tag","embeddable":true,"href":"https:\/\/casamouraacabamentos.com.br\/index.php\/wp-json\/wp\/v2\/product_tag?post=842"}],"curies":[{"name":"wp","href":"https:\/\/api.w.org\/{rel}","templated":true}]}}