{"id":844,"date":"2024-04-12T16:26:44","date_gmt":"2024-04-12T19:26:44","guid":{"rendered":"https:\/\/casamouraacabamentos.com.br\/?post_type=product&#038;p=844"},"modified":"2024-12-27T09:24:30","modified_gmt":"2024-12-27T12:24:30","slug":"cola-silicone-280ml-incolor","status":"publish","type":"product","link":"https:\/\/casamouraacabamentos.com.br\/index.php\/produto\/cola-silicone-280ml-incolor\/","title":{"rendered":"COLA SILICONE 280ML INCOLOR"},"content":{"rendered":"<p>O Silicone Multiuso Adesivo Selante Incolor da UNIPEGA \u00e9 a solu\u00e7\u00e3o perfeita para todas as suas necessidades de veda\u00e7\u00e3o e colagem. Este produto vers\u00e1til \u00e9 ideal para uma variedade de aplica\u00e7\u00f5es, desde a constru\u00e7\u00e3o at\u00e9 reparos dom\u00e9sticos.<\/p>\n<p>Com uma cor transparente, este silicone ac\u00e9tico multiuso se mistura facilmente com qualquer superf\u00edcie, proporcionando um acabamento limpo e profissional. Al\u00e9m disso, com um volume de 250 mL e um peso de 400 g, este produto \u00e9 compacto e f\u00e1cil de manusear, tornando-o perfeito para uso em qualquer projeto.<\/p>\n<p>Este adesivo selante \u00e9 feito de silicone de alta qualidade, garantindo uma veda\u00e7\u00e3o dur\u00e1vel e resistente. \u00c9 a escolha ideal para vedar janelas, portas, banheiros, cozinhas e muito mais. Al\u00e9m disso, este adesivo de silicone \u00e9 incolor, o que significa que n\u00e3o alterar\u00e1 a cor ou o design do seu projeto.<\/p>\n<p>Em suma, o Silicone Multiuso Adesivo Selante Incolor da UNIPEGA \u00e9 uma ferramenta essencial para qualquer caixa de ferramentas. Seja para um projeto de constru\u00e7\u00e3o profissional ou para um pequeno reparo dom\u00e9stico, este produto oferece a qualidade e a confiabilidade que voc\u00ea precisa para fazer o trabalho corretamente.<\/p>\n<p><strong>Consultar condi\u00e7\u00f5es valor parcelado.<\/strong><\/p>\n<section class=\"related products\"><\/section>\n<h6>IMAGENS ILUSTRATIVAS<\/h6>\n","protected":false},"excerpt":{"rendered":"<p>O Silicone Multiuso Adesivo Selante Incolor da UNIPEGA \u00e9 a solu\u00e7\u00e3o perfeita para todas as suas necessidades de veda\u00e7\u00e3o e&hellip;<\/p>\n","protected":false},"featured_media":1089,"template":"","meta":[],"product_cat":[42],"product_tag":[],"_links":{"self":[{"href":"https:\/\/casamouraacabamentos.com.br\/index.php\/wp-json\/wp\/v2\/product\/844"}],"collection":[{"href":"https:\/\/casamouraacabamentos.com.br\/index.php\/wp-json\/wp\/v2\/product"}],"about":[{"href":"https:\/\/casamouraacabamentos.com.br\/index.php\/wp-json\/wp\/v2\/types\/product"}],"wp:featuredmedia":[{"embeddable":true,"href":"https:\/\/casamouraacabamentos.com.br\/index.php\/wp-json\/wp\/v2\/media\/1089"}],"wp:attachment":[{"href":"https:\/\/casamouraacabamentos.com.br\/index.php\/wp-json\/wp\/v2\/media?parent=844"}],"wp:term":[{"taxonomy":"product_cat","embeddable":true,"href":"https:\/\/casamouraacabamentos.com.br\/index.php\/wp-json\/wp\/v2\/product_cat?post=844"},{"taxonomy":"product_tag","embeddable":true,"href":"https:\/\/casamouraacabamentos.com.br\/index.php\/wp-json\/wp\/v2\/product_tag?post=844"}],"curies":[{"name":"wp","href":"https:\/\/api.w.org\/{rel}","templated":true}]}}