{"id":846,"date":"2024-04-12T16:31:54","date_gmt":"2024-04-12T19:31:54","guid":{"rendered":"https:\/\/casamouraacabamentos.com.br\/?post_type=product&#038;p=846"},"modified":"2024-12-27T09:24:15","modified_gmt":"2024-12-27T12:24:15","slug":"cola-silicone-50g-bisnaga","status":"publish","type":"product","link":"https:\/\/casamouraacabamentos.com.br\/index.php\/produto\/cola-silicone-50g-bisnaga\/","title":{"rendered":"COLA SILICONE 50G BISNAGA"},"content":{"rendered":"<p><span style=\"color: #424242;font-family: Arial\">Silicone Ac\u00e9tico Transparente Uso Geral Unipega 50G<\/span><\/p>\n<p>Estamos no mercado de varejo desde 1998\u00a0oferecendo o melhor para nossos amigos e clientes. A loja amarelinha possui uma grande variedade de produtos como esse, pronto para ser enviado para voc\u00ea. Nossa miss\u00e3o \u00e9 garantir a sua satisfa\u00e7\u00e3o.<\/p>\n<div class=\"board_htm\">\n<p><span style=\"color: #424242;font-family: Arial\">Indicado para veda\u00e7\u00e3o e colagem de alum\u00ednio, vidro, azujelo, lou\u00e7a sanit\u00e1ria e box de banheiro. ideal para \u00e1reas h\u00famidas.<\/span><\/p>\n<p><strong>Consultar condi\u00e7\u00f5es valor parcelado.<\/strong><\/p>\n<section class=\"related products\"><\/section>\n<h6>IMAGENS ILUSTRATIVAS<\/h6>\n<\/div>\n","protected":false},"excerpt":{"rendered":"<p>Silicone Ac\u00e9tico Transparente Uso Geral Unipega 50G Estamos no mercado de varejo desde 1998\u00a0oferecendo o melhor para nossos amigos e&hellip;<\/p>\n","protected":false},"featured_media":847,"template":"","meta":[],"product_cat":[42],"product_tag":[],"_links":{"self":[{"href":"https:\/\/casamouraacabamentos.com.br\/index.php\/wp-json\/wp\/v2\/product\/846"}],"collection":[{"href":"https:\/\/casamouraacabamentos.com.br\/index.php\/wp-json\/wp\/v2\/product"}],"about":[{"href":"https:\/\/casamouraacabamentos.com.br\/index.php\/wp-json\/wp\/v2\/types\/product"}],"wp:featuredmedia":[{"embeddable":true,"href":"https:\/\/casamouraacabamentos.com.br\/index.php\/wp-json\/wp\/v2\/media\/847"}],"wp:attachment":[{"href":"https:\/\/casamouraacabamentos.com.br\/index.php\/wp-json\/wp\/v2\/media?parent=846"}],"wp:term":[{"taxonomy":"product_cat","embeddable":true,"href":"https:\/\/casamouraacabamentos.com.br\/index.php\/wp-json\/wp\/v2\/product_cat?post=846"},{"taxonomy":"product_tag","embeddable":true,"href":"https:\/\/casamouraacabamentos.com.br\/index.php\/wp-json\/wp\/v2\/product_tag?post=846"}],"curies":[{"name":"wp","href":"https:\/\/api.w.org\/{rel}","templated":true}]}}