{"id":856,"date":"2024-04-15T15:15:58","date_gmt":"2024-04-15T18:15:58","guid":{"rendered":"https:\/\/casamouraacabamentos.com.br\/?post_type=product&#038;p=856"},"modified":"2024-04-23T16:37:15","modified_gmt":"2024-04-23T19:37:15","slug":"porcelanato-mondavio-20x122-embramaco","status":"publish","type":"product","link":"https:\/\/casamouraacabamentos.com.br\/index.php\/produto\/porcelanato-mondavio-20x122-embramaco\/","title":{"rendered":"PORCELANATO  MONDAVIO 20X122 CX1,47 EMBRAMACO"},"content":{"rendered":"<div>\n<h2 class=\"heading-24 givonic w-700 mb-4\">Informa\u00e7\u00f5es do Produto<\/h2>\n<\/div>\n<table>\n<tbody>\n<tr class=\"attr\">\n<td class=\"Montserrat  w-400\"><strong>C\u00f3digo:<\/strong>\u00a0120020<\/td>\n<\/tr>\n<tr class=\"attr\">\n<td class=\"Montserrat  w-400\"><strong>Formato:<\/strong>\u00a020x122cm<\/td>\n<\/tr>\n<\/tbody>\n<\/table>\n<div class=\"product-details-infos-table\">\n<table>\n<tbody>\n<tr class=\"attr-attr text-start\">\n<td class=\"Montserrat w-400\"><strong>Piso ou Parede:<\/strong>\u00a0Parede, Piso<\/td>\n<\/tr>\n<tr class=\"attr-attr text-start\">\n<td class=\"Montserrat w-400\"><strong>Varia\u00e7\u00e3o de tonalidade e desenho:<\/strong>\u00a0V2<\/td>\n<\/tr>\n<tr class=\"attr-attr text-start\">\n<td class=\"Montserrat w-400\"><strong>Quantidade de faces:<\/strong>\u00a018<\/td>\n<\/tr>\n<tr class=\"attr-attr text-start\">\n<td class=\"Montserrat w-400\"><strong>Local de Uso:<\/strong>\u00a0<strong>LD &#8211; Alto Tr\u00e1fego:<\/strong>\u00a0Todos os ambientes residenciais e comerciais cobertos, com tr\u00e1fego intenso de pessoas e tr\u00e2nsito de ve\u00edculos. Recomendados para locais onde n\u00e3o se requer resist\u00eancia ao escorregamento (Coef. atrito &lt; 0,4).<\/td>\n<\/tr>\n<tr class=\"attr-attr text-start\">\n<td class=\"Montserrat w-400\"><strong>Linha:<\/strong>\u00a0Madeira<\/td>\n<\/tr>\n<tr class=\"attr-attr text-start\">\n<td class=\"Montserrat w-400\"><strong>Tipologia:<\/strong> Acetinado<\/p>\n<p>&nbsp;<\/p>\n<p><strong>Consultar valor especial em nossa loja ou por nossos canais de atendimento.<\/strong><\/p>\n<h6>IMAGENS ILUSTRATIVAS<\/h6>\n<p>&nbsp;<\/p>\n<p>&nbsp;<\/td>\n<\/tr>\n<\/tbody>\n<\/table>\n<\/div>\n","protected":false},"excerpt":{"rendered":"<p>Informa\u00e7\u00f5es do Produto C\u00f3digo:\u00a0120020 Formato:\u00a020x122cm Piso ou Parede:\u00a0Parede, Piso Varia\u00e7\u00e3o de tonalidade e desenho:\u00a0V2 Quantidade de faces:\u00a018 Local de Uso:\u00a0LD&hellip;<\/p>\n","protected":false},"featured_media":857,"template":"","meta":[],"product_cat":[34],"product_tag":[],"_links":{"self":[{"href":"https:\/\/casamouraacabamentos.com.br\/index.php\/wp-json\/wp\/v2\/product\/856"}],"collection":[{"href":"https:\/\/casamouraacabamentos.com.br\/index.php\/wp-json\/wp\/v2\/product"}],"about":[{"href":"https:\/\/casamouraacabamentos.com.br\/index.php\/wp-json\/wp\/v2\/types\/product"}],"wp:featuredmedia":[{"embeddable":true,"href":"https:\/\/casamouraacabamentos.com.br\/index.php\/wp-json\/wp\/v2\/media\/857"}],"wp:attachment":[{"href":"https:\/\/casamouraacabamentos.com.br\/index.php\/wp-json\/wp\/v2\/media?parent=856"}],"wp:term":[{"taxonomy":"product_cat","embeddable":true,"href":"https:\/\/casamouraacabamentos.com.br\/index.php\/wp-json\/wp\/v2\/product_cat?post=856"},{"taxonomy":"product_tag","embeddable":true,"href":"https:\/\/casamouraacabamentos.com.br\/index.php\/wp-json\/wp\/v2\/product_tag?post=856"}],"curies":[{"name":"wp","href":"https:\/\/api.w.org\/{rel}","templated":true}]}}