{"id":863,"date":"2024-04-16T10:52:57","date_gmt":"2024-04-16T13:52:57","guid":{"rendered":"https:\/\/casamouraacabamentos.com.br\/?post_type=product&#038;p=863"},"modified":"2024-12-27T09:23:45","modified_gmt":"2024-12-27T12:23:45","slug":"grelha-select-polido-175-x-175-mzk","status":"publish","type":"product","link":"https:\/\/casamouraacabamentos.com.br\/index.php\/produto\/grelha-select-polido-175-x-175-mzk\/","title":{"rendered":"GRELHA SELECT POLIDO 17,5 X 17,5 MZK"},"content":{"rendered":"<div class=\"elementor-element elementor-element-6ae23949 elementor-icon-list--layout-traditional elementor-list-item-link-full_width elementor-widget elementor-widget-icon-list\" data-id=\"6ae23949\" data-element_type=\"widget\" data-widget_type=\"icon-list.default\">\n<div class=\"elementor-widget-container\">\n<ul class=\"elementor-icon-list-items\">\n<li class=\"elementor-icon-list-item\"><span class=\"elementor-icon-list-text\">Design premium<\/span><\/li>\n<li class=\"elementor-icon-list-item\"><i class=\"fas fa-check\" aria-hidden=\"true\"><\/i><span class=\"elementor-icon-list-text\">Escoamento natural pelas laterais, sem necessidade de abertura e fechamento do ralo<\/span><\/li>\n<li class=\"elementor-icon-list-item\"><i class=\"fas fa-check\" aria-hidden=\"true\"><\/i><span class=\"elementor-icon-list-text\">Sem parafusos, facilitando a limpeza<\/span><\/li>\n<li class=\"elementor-icon-list-item\"><i class=\"fas fa-check\" aria-hidden=\"true\"><\/i><span class=\"elementor-icon-list-text\">Cont\u00e9m grelha interna remov\u00edvel para conten\u00e7\u00e3o de res\u00edduos e prote\u00e7\u00e3o contra insetos<\/span><\/li>\n<li class=\"elementor-icon-list-item\"><i class=\"fas fa-check\" aria-hidden=\"true\"><\/i><span class=\"elementor-icon-list-text\">Acopl\u00e1vel \u00e0s caixas sifonadas de 100 e 150mm<\/span><\/li>\n<\/ul>\n<\/div>\n<\/div>\n<div class=\"elementor-element elementor-element-3fcbf99 elementor-widget elementor-widget-text-editor\" data-id=\"3fcbf99\" data-element_type=\"widget\" data-widget_type=\"text-editor.default\">\n<div class=\"elementor-widget-container\">\n<div class=\"elementor-text-editor elementor-clearfix\">\n<p>Tamanho: 17,5 x 17,5 cm<\/p>\n<\/div>\n<p>Consultar condi\u00e7\u00f5es valor parcelado.<\/p>\n<h6>IMAGENS ILUSTRATIVAS<\/h6>\n<\/div>\n<\/div>\n","protected":false},"excerpt":{"rendered":"<p>Design premium Escoamento natural pelas laterais, sem necessidade de abertura e fechamento do ralo Sem parafusos, facilitando a limpeza Cont\u00e9m&hellip;<\/p>\n","protected":false},"featured_media":860,"template":"","meta":[],"product_cat":[20],"product_tag":[],"_links":{"self":[{"href":"https:\/\/casamouraacabamentos.com.br\/index.php\/wp-json\/wp\/v2\/product\/863"}],"collection":[{"href":"https:\/\/casamouraacabamentos.com.br\/index.php\/wp-json\/wp\/v2\/product"}],"about":[{"href":"https:\/\/casamouraacabamentos.com.br\/index.php\/wp-json\/wp\/v2\/types\/product"}],"wp:featuredmedia":[{"embeddable":true,"href":"https:\/\/casamouraacabamentos.com.br\/index.php\/wp-json\/wp\/v2\/media\/860"}],"wp:attachment":[{"href":"https:\/\/casamouraacabamentos.com.br\/index.php\/wp-json\/wp\/v2\/media?parent=863"}],"wp:term":[{"taxonomy":"product_cat","embeddable":true,"href":"https:\/\/casamouraacabamentos.com.br\/index.php\/wp-json\/wp\/v2\/product_cat?post=863"},{"taxonomy":"product_tag","embeddable":true,"href":"https:\/\/casamouraacabamentos.com.br\/index.php\/wp-json\/wp\/v2\/product_tag?post=863"}],"curies":[{"name":"wp","href":"https:\/\/api.w.org\/{rel}","templated":true}]}}