{"id":872,"date":"2024-04-16T13:52:03","date_gmt":"2024-04-16T16:52:03","guid":{"rendered":"https:\/\/casamouraacabamentos.com.br\/?post_type=product&#038;p=872"},"modified":"2024-12-27T09:23:13","modified_gmt":"2024-12-27T12:23:13","slug":"registro-esfera-sold-com-uniao-20-mm-amanco","status":"publish","type":"product","link":"https:\/\/casamouraacabamentos.com.br\/index.php\/produto\/registro-esfera-sold-com-uniao-20-mm-amanco\/","title":{"rendered":"REGISTRO ESFERA SOLD COM UNI\u00c3O 20 MM AMANCO"},"content":{"rendered":"<p><strong>Consultar condi\u00e7\u00f5es valor parcelado.<\/strong><\/p>\n<section class=\"related products\"><\/section>\n<h6>IMAGENS ILUSTRATIVAS<\/h6>\n","protected":false},"excerpt":{"rendered":"<p>Consultar condi\u00e7\u00f5es valor parcelado. IMAGENS ILUSTRATIVAS<\/p>\n","protected":false},"featured_media":873,"template":"","meta":[],"product_cat":[20],"product_tag":[],"_links":{"self":[{"href":"https:\/\/casamouraacabamentos.com.br\/index.php\/wp-json\/wp\/v2\/product\/872"}],"collection":[{"href":"https:\/\/casamouraacabamentos.com.br\/index.php\/wp-json\/wp\/v2\/product"}],"about":[{"href":"https:\/\/casamouraacabamentos.com.br\/index.php\/wp-json\/wp\/v2\/types\/product"}],"wp:featuredmedia":[{"embeddable":true,"href":"https:\/\/casamouraacabamentos.com.br\/index.php\/wp-json\/wp\/v2\/media\/873"}],"wp:attachment":[{"href":"https:\/\/casamouraacabamentos.com.br\/index.php\/wp-json\/wp\/v2\/media?parent=872"}],"wp:term":[{"taxonomy":"product_cat","embeddable":true,"href":"https:\/\/casamouraacabamentos.com.br\/index.php\/wp-json\/wp\/v2\/product_cat?post=872"},{"taxonomy":"product_tag","embeddable":true,"href":"https:\/\/casamouraacabamentos.com.br\/index.php\/wp-json\/wp\/v2\/product_tag?post=872"}],"curies":[{"name":"wp","href":"https:\/\/api.w.org\/{rel}","templated":true}]}}