{"id":879,"date":"2024-04-16T14:08:50","date_gmt":"2024-04-16T17:08:50","guid":{"rendered":"https:\/\/casamouraacabamentos.com.br\/?post_type=product&#038;p=879"},"modified":"2024-04-26T17:24:36","modified_gmt":"2024-04-26T20:24:36","slug":"registro-esfera-monobloco-110mm-krona","status":"publish","type":"product","link":"https:\/\/casamouraacabamentos.com.br\/index.php\/produto\/registro-esfera-monobloco-110mm-krona\/","title":{"rendered":"REGISTRO ESFERA MONOBLOCO 110MM KRONA"},"content":{"rendered":"<p>VALVULA REGISTRO ESFERA VS COMPACTO SOLDAVEL 110MM KRONA<\/p>\n<p>Registro de Esfera Sold\u00e1vel Compacto Krona. Ideal para projetos com instala\u00e7\u00f5es permanentes e embutidas, a Linha Sold\u00e1vel \u00e9 perfeita para conduzir \u00e1gua fria, em obras residenciais, industriais ou comerciais. Seja para construir, reformar ou fazer algum conserto, a Linha Sold\u00e1vel \u00e9 uma excelente solu\u00e7\u00e3o.<br \/>\nTodos os produtos desta se\u00e7\u00e3o s\u00e3o feitos em PVC, suportando a press\u00e3o 7,5Kgf\/cm\u00b2, produzidos na cor marrom para a Linha Sold\u00e1vel e produzidos na cor azul para a Linha Sold\u00e1vel com Bucha de Lat\u00e3o, ambas seguindo a determina\u00e7\u00e3o das normas brasileiras.<\/p>\n<p>110MM<br \/>\nAltura: 20cm<br \/>\nLargura: 25cm<br \/>\nProfundidade: 16cm<br \/>\nPeso: 2.3kg<\/p>\n<p><strong>Consultar condi\u00e7\u00f5es e valores nos nossos canais de atendimento.<\/strong><\/p>\n<section class=\"related products\"><\/section>\n<h6>IMAGENS ILUSTRATIVAS<\/h6>\n","protected":false},"excerpt":{"rendered":"<p>VALVULA REGISTRO ESFERA VS COMPACTO SOLDAVEL 110MM KRONA Registro de Esfera Sold\u00e1vel Compacto Krona. Ideal para projetos com instala\u00e7\u00f5es permanentes&hellip;<\/p>\n","protected":false},"featured_media":880,"template":"","meta":[],"product_cat":[20],"product_tag":[],"_links":{"self":[{"href":"https:\/\/casamouraacabamentos.com.br\/index.php\/wp-json\/wp\/v2\/product\/879"}],"collection":[{"href":"https:\/\/casamouraacabamentos.com.br\/index.php\/wp-json\/wp\/v2\/product"}],"about":[{"href":"https:\/\/casamouraacabamentos.com.br\/index.php\/wp-json\/wp\/v2\/types\/product"}],"wp:featuredmedia":[{"embeddable":true,"href":"https:\/\/casamouraacabamentos.com.br\/index.php\/wp-json\/wp\/v2\/media\/880"}],"wp:attachment":[{"href":"https:\/\/casamouraacabamentos.com.br\/index.php\/wp-json\/wp\/v2\/media?parent=879"}],"wp:term":[{"taxonomy":"product_cat","embeddable":true,"href":"https:\/\/casamouraacabamentos.com.br\/index.php\/wp-json\/wp\/v2\/product_cat?post=879"},{"taxonomy":"product_tag","embeddable":true,"href":"https:\/\/casamouraacabamentos.com.br\/index.php\/wp-json\/wp\/v2\/product_tag?post=879"}],"curies":[{"name":"wp","href":"https:\/\/api.w.org\/{rel}","templated":true}]}}