{"id":882,"date":"2024-04-16T14:20:57","date_gmt":"2024-04-16T17:20:57","guid":{"rendered":"https:\/\/casamouraacabamentos.com.br\/?post_type=product&#038;p=882"},"modified":"2024-12-27T09:22:08","modified_gmt":"2024-12-27T12:22:08","slug":"krona-registro-esfera-monobloco-25mm","status":"publish","type":"product","link":"https:\/\/casamouraacabamentos.com.br\/index.php\/produto\/krona-registro-esfera-monobloco-25mm\/","title":{"rendered":"KRONA REGISTRO ESFERA MONOBLOCO 25MM"},"content":{"rendered":"<h2>Registro de Esfera Sold\u00e1vel Compacto<\/h2>\n<p><b>Fun\u00e7\u00e3o<\/b><\/p>\n<p>Bloquear a passagem do l\u00edquido pela tubula\u00e7\u00e3o e, assim, permitir interven\u00e7\u00e3o para manuten\u00e7\u00e3o do trecho hidr\u00e1ulico.<\/p>\n<p><b>Aplica\u00e7\u00e3o\u00a0<\/b><\/p>\n<p>Utilizado em barrilete ou ramal de instala\u00e7\u00f5es de \u00e1gua fria pot\u00e1vel.<\/p>\n<p><strong>Consultar condi\u00e7\u00f5es valor parcelado.<\/strong><\/p>\n<section class=\"related products\"><\/section>\n<h6>IMAGENS ILUSTRATIVAS<\/h6>\n","protected":false},"excerpt":{"rendered":"<p>Registro de Esfera Sold\u00e1vel Compacto Fun\u00e7\u00e3o Bloquear a passagem do l\u00edquido pela tubula\u00e7\u00e3o e, assim, permitir interven\u00e7\u00e3o para manuten\u00e7\u00e3o do&hellip;<\/p>\n","protected":false},"featured_media":883,"template":"","meta":[],"product_cat":[20],"product_tag":[],"_links":{"self":[{"href":"https:\/\/casamouraacabamentos.com.br\/index.php\/wp-json\/wp\/v2\/product\/882"}],"collection":[{"href":"https:\/\/casamouraacabamentos.com.br\/index.php\/wp-json\/wp\/v2\/product"}],"about":[{"href":"https:\/\/casamouraacabamentos.com.br\/index.php\/wp-json\/wp\/v2\/types\/product"}],"wp:featuredmedia":[{"embeddable":true,"href":"https:\/\/casamouraacabamentos.com.br\/index.php\/wp-json\/wp\/v2\/media\/883"}],"wp:attachment":[{"href":"https:\/\/casamouraacabamentos.com.br\/index.php\/wp-json\/wp\/v2\/media?parent=882"}],"wp:term":[{"taxonomy":"product_cat","embeddable":true,"href":"https:\/\/casamouraacabamentos.com.br\/index.php\/wp-json\/wp\/v2\/product_cat?post=882"},{"taxonomy":"product_tag","embeddable":true,"href":"https:\/\/casamouraacabamentos.com.br\/index.php\/wp-json\/wp\/v2\/product_tag?post=882"}],"curies":[{"name":"wp","href":"https:\/\/api.w.org\/{rel}","templated":true}]}}