{"id":889,"date":"2024-04-16T14:58:47","date_gmt":"2024-04-16T17:58:47","guid":{"rendered":"https:\/\/casamouraacabamentos.com.br\/?post_type=product&#038;p=889"},"modified":"2024-12-27T09:21:18","modified_gmt":"2024-12-27T12:21:18","slug":"thinner-eucatex-lata-5l","status":"publish","type":"product","link":"https:\/\/casamouraacabamentos.com.br\/index.php\/produto\/thinner-eucatex-lata-5l\/","title":{"rendered":"THINNER EUCATEX LATA 5L"},"content":{"rendered":"<p>Indicado para ajustar a viscosidade de tintas sint\u00e9ticas, auxiliando o alastramento e nivelamento da pel\u00edcula. Observar na embalagem do produto que ser\u00e1 dilu\u00eddo a propor\u00e7\u00e3o recomendada.<\/p>\n<p><strong>Consultar condi\u00e7\u00f5es valor parcelado.<\/strong><\/p>\n<section class=\"related products\"><\/section>\n<h6>IMAGENS ILUSTRATIVAS<\/h6>\n","protected":false},"excerpt":{"rendered":"<p>Indicado para ajustar a viscosidade de tintas sint\u00e9ticas, auxiliando o alastramento e nivelamento da pel\u00edcula. Observar na embalagem do produto&hellip;<\/p>\n","protected":false},"featured_media":1087,"template":"","meta":[],"product_cat":[43],"product_tag":[],"_links":{"self":[{"href":"https:\/\/casamouraacabamentos.com.br\/index.php\/wp-json\/wp\/v2\/product\/889"}],"collection":[{"href":"https:\/\/casamouraacabamentos.com.br\/index.php\/wp-json\/wp\/v2\/product"}],"about":[{"href":"https:\/\/casamouraacabamentos.com.br\/index.php\/wp-json\/wp\/v2\/types\/product"}],"wp:featuredmedia":[{"embeddable":true,"href":"https:\/\/casamouraacabamentos.com.br\/index.php\/wp-json\/wp\/v2\/media\/1087"}],"wp:attachment":[{"href":"https:\/\/casamouraacabamentos.com.br\/index.php\/wp-json\/wp\/v2\/media?parent=889"}],"wp:term":[{"taxonomy":"product_cat","embeddable":true,"href":"https:\/\/casamouraacabamentos.com.br\/index.php\/wp-json\/wp\/v2\/product_cat?post=889"},{"taxonomy":"product_tag","embeddable":true,"href":"https:\/\/casamouraacabamentos.com.br\/index.php\/wp-json\/wp\/v2\/product_tag?post=889"}],"curies":[{"name":"wp","href":"https:\/\/api.w.org\/{rel}","templated":true}]}}