{"id":893,"date":"2024-04-16T15:25:28","date_gmt":"2024-04-16T18:25:28","guid":{"rendered":"https:\/\/casamouraacabamentos.com.br\/?post_type=product&#038;p=893"},"modified":"2024-12-27T09:21:05","modified_gmt":"2024-12-27T12:21:05","slug":"thinner-elit-lata-5l","status":"publish","type":"product","link":"https:\/\/casamouraacabamentos.com.br\/index.php\/produto\/thinner-elit-lata-5l\/","title":{"rendered":"THINNER ELIT LATA 5L"},"content":{"rendered":"<p>O Thinner Acabamento 5 Litros da Elit \u00e9 indicado para dilui\u00e7\u00e3o de esmaltes e vernizes sint\u00e9ticos automotivos, industriais e moveleiro, seladora, primers e lacas (DUCO) nitrocelulose, em condi\u00e7\u00f5es clim\u00e1ticas favor\u00e1veis, ou seja, temperatura acima de 25\u00baC e umidade relativa do ar inferior a 50%.<\/p>\n<p><strong>Consultar condi\u00e7\u00f5es valor parcelado.<\/strong><\/p>\n<section class=\"related products\"><\/section>\n<h6>IMAGENS ILUSTRATIVAS<\/h6>\n","protected":false},"excerpt":{"rendered":"<p>O Thinner Acabamento 5 Litros da Elit \u00e9 indicado para dilui\u00e7\u00e3o de esmaltes e vernizes sint\u00e9ticos automotivos, industriais e moveleiro,&hellip;<\/p>\n","protected":false},"featured_media":894,"template":"","meta":[],"product_cat":[43],"product_tag":[],"_links":{"self":[{"href":"https:\/\/casamouraacabamentos.com.br\/index.php\/wp-json\/wp\/v2\/product\/893"}],"collection":[{"href":"https:\/\/casamouraacabamentos.com.br\/index.php\/wp-json\/wp\/v2\/product"}],"about":[{"href":"https:\/\/casamouraacabamentos.com.br\/index.php\/wp-json\/wp\/v2\/types\/product"}],"wp:featuredmedia":[{"embeddable":true,"href":"https:\/\/casamouraacabamentos.com.br\/index.php\/wp-json\/wp\/v2\/media\/894"}],"wp:attachment":[{"href":"https:\/\/casamouraacabamentos.com.br\/index.php\/wp-json\/wp\/v2\/media?parent=893"}],"wp:term":[{"taxonomy":"product_cat","embeddable":true,"href":"https:\/\/casamouraacabamentos.com.br\/index.php\/wp-json\/wp\/v2\/product_cat?post=893"},{"taxonomy":"product_tag","embeddable":true,"href":"https:\/\/casamouraacabamentos.com.br\/index.php\/wp-json\/wp\/v2\/product_tag?post=893"}],"curies":[{"name":"wp","href":"https:\/\/api.w.org\/{rel}","templated":true}]}}