{"id":897,"date":"2024-04-16T16:33:55","date_gmt":"2024-04-16T19:33:55","guid":{"rendered":"https:\/\/casamouraacabamentos.com.br\/?post_type=product&#038;p=897"},"modified":"2024-12-27T09:20:53","modified_gmt":"2024-12-27T12:20:53","slug":"valvula-retencao-solda-40-mm-tigre","status":"publish","type":"product","link":"https:\/\/casamouraacabamentos.com.br\/index.php\/produto\/valvula-retencao-solda-40-mm-tigre\/","title":{"rendered":"VALVULA RETENCAO SOLDA 40 MM TIGRE"},"content":{"rendered":"<p>Fun\u00e7\u00e3o: Permitir a passagem de \u00e1gua em um s\u00f3 sentido;<br \/>\nAplica\u00e7\u00f5es: Em tubula\u00e7\u00f5es de abastecimento de \u00e1gua em obras<br \/>\nresidenciais verticais e horizontais, obras comerciais e industriais.<\/p>\n<p><strong>Consultar condi\u00e7\u00f5es valor parcelado.<\/strong><\/p>\n<section class=\"related products\"><\/section>\n<h6>IMAGENS ILUSTRATIVAS<\/h6>\n","protected":false},"excerpt":{"rendered":"<p>Fun\u00e7\u00e3o: Permitir a passagem de \u00e1gua em um s\u00f3 sentido; Aplica\u00e7\u00f5es: Em tubula\u00e7\u00f5es de abastecimento de \u00e1gua em obras residenciais&hellip;<\/p>\n","protected":false},"featured_media":896,"template":"","meta":[],"product_cat":[20],"product_tag":[],"_links":{"self":[{"href":"https:\/\/casamouraacabamentos.com.br\/index.php\/wp-json\/wp\/v2\/product\/897"}],"collection":[{"href":"https:\/\/casamouraacabamentos.com.br\/index.php\/wp-json\/wp\/v2\/product"}],"about":[{"href":"https:\/\/casamouraacabamentos.com.br\/index.php\/wp-json\/wp\/v2\/types\/product"}],"wp:featuredmedia":[{"embeddable":true,"href":"https:\/\/casamouraacabamentos.com.br\/index.php\/wp-json\/wp\/v2\/media\/896"}],"wp:attachment":[{"href":"https:\/\/casamouraacabamentos.com.br\/index.php\/wp-json\/wp\/v2\/media?parent=897"}],"wp:term":[{"taxonomy":"product_cat","embeddable":true,"href":"https:\/\/casamouraacabamentos.com.br\/index.php\/wp-json\/wp\/v2\/product_cat?post=897"},{"taxonomy":"product_tag","embeddable":true,"href":"https:\/\/casamouraacabamentos.com.br\/index.php\/wp-json\/wp\/v2\/product_tag?post=897"}],"curies":[{"name":"wp","href":"https:\/\/api.w.org\/{rel}","templated":true}]}}