{"id":911,"date":"2024-04-16T16:50:54","date_gmt":"2024-04-16T19:50:54","guid":{"rendered":"https:\/\/casamouraacabamentos.com.br\/?post_type=product&#038;p=911"},"modified":"2024-04-17T12:50:00","modified_gmt":"2024-04-17T15:50:00","slug":"adaptador-c-flange-sold-110-mm-amanco","status":"publish","type":"product","link":"https:\/\/casamouraacabamentos.com.br\/index.php\/produto\/adaptador-c-flange-sold-110-mm-amanco\/","title":{"rendered":"ADAPTADOR  C\/ FLANGE SOLD 110 MM AMANCO"},"content":{"rendered":"<ul class=\"ui-vpp-highlighted-specs__features-list\">\n<li class=\"ui-vpp-highlighted-specs__features-list-item ui-pdp-color--BLACK ui-pdp-size--XSMALL ui-pdp-family--REGULAR\">\u00c9 recomendado para utilizado em sistemas de tubula\u00e7\u00e3o para conex\u00e3o de tubos de pvc sold\u00e1veis com outros tipos de materiais.<\/li>\n<\/ul>\n<p><strong>Consultar condi\u00e7\u00f5es e valores nos canais de atendimento<\/strong><\/p>\n<section class=\"related products\"><\/section>\n<h6>IMAGENS ILUSTRATIVAS<\/h6>\n","protected":false},"excerpt":{"rendered":"<p>\u00c9 recomendado para utilizado em sistemas de tubula\u00e7\u00e3o para conex\u00e3o de tubos de pvc sold\u00e1veis com outros tipos de materiais.&hellip;<\/p>\n","protected":false},"featured_media":912,"template":"","meta":[],"product_cat":[20],"product_tag":[],"_links":{"self":[{"href":"https:\/\/casamouraacabamentos.com.br\/index.php\/wp-json\/wp\/v2\/product\/911"}],"collection":[{"href":"https:\/\/casamouraacabamentos.com.br\/index.php\/wp-json\/wp\/v2\/product"}],"about":[{"href":"https:\/\/casamouraacabamentos.com.br\/index.php\/wp-json\/wp\/v2\/types\/product"}],"wp:featuredmedia":[{"embeddable":true,"href":"https:\/\/casamouraacabamentos.com.br\/index.php\/wp-json\/wp\/v2\/media\/912"}],"wp:attachment":[{"href":"https:\/\/casamouraacabamentos.com.br\/index.php\/wp-json\/wp\/v2\/media?parent=911"}],"wp:term":[{"taxonomy":"product_cat","embeddable":true,"href":"https:\/\/casamouraacabamentos.com.br\/index.php\/wp-json\/wp\/v2\/product_cat?post=911"},{"taxonomy":"product_tag","embeddable":true,"href":"https:\/\/casamouraacabamentos.com.br\/index.php\/wp-json\/wp\/v2\/product_tag?post=911"}],"curies":[{"name":"wp","href":"https:\/\/api.w.org\/{rel}","templated":true}]}}