{"id":947,"date":"2024-04-18T13:17:37","date_gmt":"2024-04-18T16:17:37","guid":{"rendered":"https:\/\/casamouraacabamentos.com.br\/?post_type=product&#038;p=947"},"modified":"2024-12-27T09:20:02","modified_gmt":"2024-12-27T12:20:02","slug":"bucha-reducao-35x22mm-latao","status":"publish","type":"product","link":"https:\/\/casamouraacabamentos.com.br\/index.php\/produto\/bucha-reducao-35x22mm-latao\/","title":{"rendered":"BUCHA REDUCAO 35X22MM LAT\u00c3O"},"content":{"rendered":"<p>Conex\u00f5es produzidas em liga de cobre, obedecendo as especifica\u00e7\u00f5es t\u00e9cnicas da norma NBR<br \/>\n11720. Indicados para instala\u00e7\u00f5es hidr\u00e1ulicas, g\u00e1s e refrigera\u00e7\u00e3o.<\/p>\n<p><strong>Consultar condi\u00e7\u00f5es valor parcelado.<\/strong><\/p>\n<section class=\"related products\"><\/section>\n<h6>IMAGENS ILUSTRATIVAS<\/h6>\n","protected":false},"excerpt":{"rendered":"<p>Conex\u00f5es produzidas em liga de cobre, obedecendo as especifica\u00e7\u00f5es t\u00e9cnicas da norma NBR 11720. Indicados para instala\u00e7\u00f5es hidr\u00e1ulicas, g\u00e1s e&hellip;<\/p>\n","protected":false},"featured_media":949,"template":"","meta":[],"product_cat":[44],"product_tag":[],"_links":{"self":[{"href":"https:\/\/casamouraacabamentos.com.br\/index.php\/wp-json\/wp\/v2\/product\/947"}],"collection":[{"href":"https:\/\/casamouraacabamentos.com.br\/index.php\/wp-json\/wp\/v2\/product"}],"about":[{"href":"https:\/\/casamouraacabamentos.com.br\/index.php\/wp-json\/wp\/v2\/types\/product"}],"wp:featuredmedia":[{"embeddable":true,"href":"https:\/\/casamouraacabamentos.com.br\/index.php\/wp-json\/wp\/v2\/media\/949"}],"wp:attachment":[{"href":"https:\/\/casamouraacabamentos.com.br\/index.php\/wp-json\/wp\/v2\/media?parent=947"}],"wp:term":[{"taxonomy":"product_cat","embeddable":true,"href":"https:\/\/casamouraacabamentos.com.br\/index.php\/wp-json\/wp\/v2\/product_cat?post=947"},{"taxonomy":"product_tag","embeddable":true,"href":"https:\/\/casamouraacabamentos.com.br\/index.php\/wp-json\/wp\/v2\/product_tag?post=947"}],"curies":[{"name":"wp","href":"https:\/\/api.w.org\/{rel}","templated":true}]}}