{"id":962,"date":"2024-04-18T16:15:19","date_gmt":"2024-04-18T19:15:19","guid":{"rendered":"https:\/\/casamouraacabamentos.com.br\/?post_type=product&#038;p=962"},"modified":"2024-10-24T16:40:55","modified_gmt":"2024-10-24T19:40:55","slug":"tupan-adaptador-assento-infantil-pp-branco","status":"publish","type":"product","link":"https:\/\/casamouraacabamentos.com.br\/index.php\/produto\/tupan-adaptador-assento-infantil-pp-branco\/","title":{"rendered":"ASSENTO ADAPTADOR  INFANTIL PP BRANCO TUPAN"},"content":{"rendered":"<p>Assento Sanit\u00e1rio Tampa de vaso sanit\u00e1rio<\/p>\n<p>ADAPTADOR INFANTIL TUPAN PP<\/p>\n<p><span class=\"selectable-text copyable-text\">Material: Polipropileno Pl\u00e1stico de alta qualidade.<\/span><\/p>\n<p>&nbsp;<\/p>\n<p>&nbsp;<\/p>\n<p>&nbsp;<\/p>\n","protected":false},"excerpt":{"rendered":"<p>Assento Sanit\u00e1rio Tampa de vaso sanit\u00e1rio ADAPTADOR INFANTIL TUPAN PP Material: Polipropileno Pl\u00e1stico de alta qualidade. &nbsp; &nbsp; &nbsp;<\/p>\n","protected":false},"featured_media":963,"template":"","meta":[],"product_cat":[44],"product_tag":[],"_links":{"self":[{"href":"https:\/\/casamouraacabamentos.com.br\/index.php\/wp-json\/wp\/v2\/product\/962"}],"collection":[{"href":"https:\/\/casamouraacabamentos.com.br\/index.php\/wp-json\/wp\/v2\/product"}],"about":[{"href":"https:\/\/casamouraacabamentos.com.br\/index.php\/wp-json\/wp\/v2\/types\/product"}],"wp:featuredmedia":[{"embeddable":true,"href":"https:\/\/casamouraacabamentos.com.br\/index.php\/wp-json\/wp\/v2\/media\/963"}],"wp:attachment":[{"href":"https:\/\/casamouraacabamentos.com.br\/index.php\/wp-json\/wp\/v2\/media?parent=962"}],"wp:term":[{"taxonomy":"product_cat","embeddable":true,"href":"https:\/\/casamouraacabamentos.com.br\/index.php\/wp-json\/wp\/v2\/product_cat?post=962"},{"taxonomy":"product_tag","embeddable":true,"href":"https:\/\/casamouraacabamentos.com.br\/index.php\/wp-json\/wp\/v2\/product_tag?post=962"}],"curies":[{"name":"wp","href":"https:\/\/api.w.org\/{rel}","templated":true}]}}