{"id":966,"date":"2024-04-18T16:30:36","date_gmt":"2024-04-18T19:30:36","guid":{"rendered":"https:\/\/casamouraacabamentos.com.br\/?post_type=product&#038;p=966"},"modified":"2024-10-24T16:45:22","modified_gmt":"2024-10-24T19:45:22","slug":"tupan-assento-pp-soft-close-sabatini-branco","status":"publish","type":"product","link":"https:\/\/casamouraacabamentos.com.br\/index.php\/produto\/tupan-assento-pp-soft-close-sabatini-branco\/","title":{"rendered":"ASSENTO PP SOFT CLOSE SABATINI BRANCO TUPAN"},"content":{"rendered":"<p>Assento para bacia Sabatini (Icasa) em polipropileno, higi\u00eanico e de f\u00e1cil limpeza, confort\u00e1vel, resistente, com tampa envolvente e superf\u00edcie brilhante.<\/p>\n<p><img loading=\"lazy\" decoding=\"async\" class=\"alignnone wp-image-3137\" src=\"https:\/\/tupan.ind.br\/new\/wp-content\/uploads\/2022\/08\/Tampa-envolvente-300x300.png\" alt=\"\" width=\"55\" height=\"64\" \/>\u00a0Tampa envolvente<\/p>\n<p><img loading=\"lazy\" decoding=\"async\" class=\"alignnone wp-image-3134\" src=\"https:\/\/tupan.ind.br\/new\/wp-content\/uploads\/2022\/08\/Fixador-ajustavel-150x150.png\" alt=\"\" width=\"47\" height=\"51\" \/>\u00a0Fixador ajust\u00e1vel<\/p>\n<p><img loading=\"lazy\" decoding=\"async\" class=\"alignnone wp-image-3135\" src=\"https:\/\/tupan.ind.br\/new\/wp-content\/uploads\/2022\/08\/Fixador-anti-deslizante-150x150.png\" alt=\"\" width=\"57\" height=\"84\" \/>\u00a0Fixador anti-deslizante<\/p>\n<p><img loading=\"lazy\" decoding=\"async\" class=\"alignnone wp-image-3136\" src=\"https:\/\/tupan.ind.br\/new\/wp-content\/uploads\/2022\/08\/PP-150x150.png\" alt=\"\" width=\"52\" height=\"59\" \/>\u00a0Polipropileno<\/p>\n<h3>Fechamento Soft Close (SC)\u00a0<a href=\"https:\/\/tupan.ind.br\/new\/wp-content\/uploads\/2022\/08\/Soft-Close.png\"><img loading=\"lazy\" decoding=\"async\" class=\"alignnone wp-image-3143\" src=\"https:\/\/tupan.ind.br\/new\/wp-content\/uploads\/2022\/08\/Soft-Close.png\" alt=\"\" width=\"42\" height=\"43\" \/><\/a><\/h3>\n<p><strong>Consultar condi\u00e7\u00f5es valor parcelado.<\/strong><\/p>\n<section class=\"related products\"><\/section>\n<h6>IMAGENS ILUSTRATIVAS<\/h6>\n","protected":false},"excerpt":{"rendered":"<p>Assento para bacia Sabatini (Icasa) em polipropileno, higi\u00eanico e de f\u00e1cil limpeza, confort\u00e1vel, resistente, com tampa envolvente e superf\u00edcie brilhante.&hellip;<\/p>\n","protected":false},"featured_media":967,"template":"","meta":[],"product_cat":[45],"product_tag":[],"_links":{"self":[{"href":"https:\/\/casamouraacabamentos.com.br\/index.php\/wp-json\/wp\/v2\/product\/966"}],"collection":[{"href":"https:\/\/casamouraacabamentos.com.br\/index.php\/wp-json\/wp\/v2\/product"}],"about":[{"href":"https:\/\/casamouraacabamentos.com.br\/index.php\/wp-json\/wp\/v2\/types\/product"}],"wp:featuredmedia":[{"embeddable":true,"href":"https:\/\/casamouraacabamentos.com.br\/index.php\/wp-json\/wp\/v2\/media\/967"}],"wp:attachment":[{"href":"https:\/\/casamouraacabamentos.com.br\/index.php\/wp-json\/wp\/v2\/media?parent=966"}],"wp:term":[{"taxonomy":"product_cat","embeddable":true,"href":"https:\/\/casamouraacabamentos.com.br\/index.php\/wp-json\/wp\/v2\/product_cat?post=966"},{"taxonomy":"product_tag","embeddable":true,"href":"https:\/\/casamouraacabamentos.com.br\/index.php\/wp-json\/wp\/v2\/product_tag?post=966"}],"curies":[{"name":"wp","href":"https:\/\/api.w.org\/{rel}","templated":true}]}}