{"id":983,"date":"2024-04-19T09:47:03","date_gmt":"2024-04-19T12:47:03","guid":{"rendered":"https:\/\/casamouraacabamentos.com.br\/?post_type=product&#038;p=983"},"modified":"2024-10-24T16:44:53","modified_gmt":"2024-10-24T19:44:53","slug":"tupan-assento-pp-soft-close-misti-branco","status":"publish","type":"product","link":"https:\/\/casamouraacabamentos.com.br\/index.php\/produto\/tupan-assento-pp-soft-close-misti-branco\/","title":{"rendered":"ASSENTO PP SOFT CLOSE MISTI BRANCO TUPAN"},"content":{"rendered":"<h1 class=\"product_title entry-title nectar-inherit-default\">ASSENTO MISTI<\/h1>\n<div class=\"woocommerce-product-details__short-description\">\n<h4>SKU: ASTMTPP01SC<\/h4>\n<p>Assento para bacia Misti (Icasa) em polipropileno, higi\u00eanico e de f\u00e1cil limpeza, confort\u00e1vel, resistente, com tampa envolvente e superf\u00edcie brilhante.<\/p>\n<p><img loading=\"lazy\" decoding=\"async\" class=\"alignnone wp-image-3137\" src=\"https:\/\/tupan.ind.br\/new\/wp-content\/uploads\/2022\/08\/Tampa-envolvente-300x300.png\" alt=\"\" width=\"55\" height=\"64\" \/>\u00a0Tampa envolvente<\/p>\n<p><img loading=\"lazy\" decoding=\"async\" class=\"alignnone wp-image-3134\" src=\"https:\/\/tupan.ind.br\/new\/wp-content\/uploads\/2022\/08\/Fixador-ajustavel-150x150.png\" alt=\"\" width=\"47\" height=\"51\" \/>\u00a0Fixador ajust\u00e1vel<\/p>\n<p><img loading=\"lazy\" decoding=\"async\" class=\"alignnone wp-image-3135\" src=\"https:\/\/tupan.ind.br\/new\/wp-content\/uploads\/2022\/08\/Fixador-anti-deslizante-150x150.png\" alt=\"\" width=\"57\" height=\"84\" \/>\u00a0Fixador anti-deslizante<\/p>\n<p><img loading=\"lazy\" decoding=\"async\" class=\"alignnone wp-image-3136\" src=\"https:\/\/tupan.ind.br\/new\/wp-content\/uploads\/2022\/08\/PP-150x150.png\" alt=\"\" width=\"52\" height=\"59\" \/>\u00a0Polipropileno<\/p>\n<div class=\"texto_variacao\">\n<div id=\"show_size_and_color_main_type\" class=\"cor_variacao show_size_and_color_type passo1\">\n<div id=\"menuVars\" align=\"left\" data-tray-tst=\"it_has_variation\" data-product-id=\"3075\" data-url=\"\/mvc\/store\/product\/loadNextVariantDropDown\/?loja=901850\" data-url-gallery=\"\/mvc\/store\/product\/variant_gallery\/?loja=901850\" data-mandatory=\"1\" data-multi-variant=\"0\">\n<div class=\"texto_variacao\">\n<div id=\"show_size_and_color_main_type\" class=\"cor_variacao show_size_and_color_type passo1\">\n<div id=\"menuVars\" align=\"left\" data-tray-tst=\"it_has_variation\" data-product-id=\"2953\" data-url=\"\/mvc\/store\/product\/loadNextVariantDropDown\/?loja=901850\" data-url-gallery=\"\/mvc\/store\/product\/variant_gallery\/?loja=901850\" data-mandatory=\"1\" data-multi-variant=\"0\">\n<p>&nbsp;<\/p>\n<\/div>\n<\/div>\n<h3>Fechamento Soft Close (SC)\u00a0<a href=\"https:\/\/tupan.ind.br\/new\/wp-content\/uploads\/2022\/08\/Soft-Close.png\"><img loading=\"lazy\" decoding=\"async\" class=\"alignnone wp-image-3143\" src=\"https:\/\/tupan.ind.br\/new\/wp-content\/uploads\/2022\/08\/Soft-Close.png\" alt=\"\" width=\"42\" height=\"43\" \/><\/a><\/h3>\n<p><strong>Consultar condi\u00e7\u00f5es valor parcelado.<\/strong><\/p>\n<section class=\"related products\"><\/section>\n<h6>IMAGENS ILUSTRATIVAS<\/h6>\n<\/div>\n<\/div>\n<\/div>\n<\/div>\n<\/div>\n","protected":false},"excerpt":{"rendered":"<p>ASSENTO MISTI SKU: ASTMTPP01SC Assento para bacia Misti (Icasa) em polipropileno, higi\u00eanico e de f\u00e1cil limpeza, confort\u00e1vel, resistente, com tampa&hellip;<\/p>\n","protected":false},"featured_media":984,"template":"","meta":[],"product_cat":[45],"product_tag":[],"_links":{"self":[{"href":"https:\/\/casamouraacabamentos.com.br\/index.php\/wp-json\/wp\/v2\/product\/983"}],"collection":[{"href":"https:\/\/casamouraacabamentos.com.br\/index.php\/wp-json\/wp\/v2\/product"}],"about":[{"href":"https:\/\/casamouraacabamentos.com.br\/index.php\/wp-json\/wp\/v2\/types\/product"}],"wp:featuredmedia":[{"embeddable":true,"href":"https:\/\/casamouraacabamentos.com.br\/index.php\/wp-json\/wp\/v2\/media\/984"}],"wp:attachment":[{"href":"https:\/\/casamouraacabamentos.com.br\/index.php\/wp-json\/wp\/v2\/media?parent=983"}],"wp:term":[{"taxonomy":"product_cat","embeddable":true,"href":"https:\/\/casamouraacabamentos.com.br\/index.php\/wp-json\/wp\/v2\/product_cat?post=983"},{"taxonomy":"product_tag","embeddable":true,"href":"https:\/\/casamouraacabamentos.com.br\/index.php\/wp-json\/wp\/v2\/product_tag?post=983"}],"curies":[{"name":"wp","href":"https:\/\/api.w.org\/{rel}","templated":true}]}}